{"id":19226,"date":"2020-03-30T12:14:21","date_gmt":"2020-03-30T19:14:21","guid":{"rendered":"https:\/\/crucible.wpmudev.host\/adopting-to-online-workshop-learning\/"},"modified":"2020-05-08T03:26:15","modified_gmt":"2020-05-08T10:26:15","slug":"adopting-to-online-workshop-learning","status":"publish","type":"page","link":"https:\/\/www.crucible4points.com\/de\/adopting-to-online-workshop-learning\/","title":{"rendered":"Umstellung auf Online-Workshops"},"content":{"rendered":"<p>Die sch\u00f6ne Umgebung und der zwischenmenschliche Kontakt w\u00e4hrend unseren Crucible-Workshops waren f\u00fcr uns immer zus\u00e4tzliche Gr\u00fcnde zur Vorfreude. Dieses Jahr m\u00fcssen wir jedoch leider umdenken.<\/p>\n<p>Die guten Neuigkeiten sind, dass wir das ganze Jahr \u00fcber Workshops anbieten werden. Obwohl uns der pers\u00f6nliche Kontakt vor Ort fehlen wird, freuen wir uns, auch weiterhin wichtige Lehrinhalte vermitteln zu k\u00f6nnen. Hinzu kommt, dass dieses Format f\u00fcr einige von Ihnen die Teilnahme erst m\u00f6glich macht. Falls Sie aus logistischen Gr\u00fcnden bisher an keinem Workshop teilnehmen konnten, erleichtert Ihnen die Umstellung in diesem Jahr wom\u00f6glich die Teilnahme.<\/p>\n<p>Die Workshop-Sitzungen werden am urspr\u00fcnglich geplanten Datum stattfinden. Aufgrund der Zeitverschiebung verschiebt sich der Zeitplan allerdings auf nachmittags und abends.<\/p>\n<p>Es wird zwischen den Sitzungen Pausen geben, damit Sie sich die Beine vertreten, frische Luft schnappen und etwas essen k\u00f6nnen.<\/p>\n<p>Wir schlagen vor, dass Sie sich f\u00fcr die Workshop-Zeit einen R\u00fcckzugsort einrichten, damit Sie diese Zeit f\u00fcr sich haben und sich ungest\u00f6rt auf den Workshop konzentrieren k\u00f6nnen, ohne, dass Ihre Zeit vom famili\u00e4ren Alltag in Anspruch genommen wird.<\/p>\n<p>Die Interaktionen zwischen den Teilnehmenden machen unsere Workshops vor Ort zu organischen Lernerlebnissen. Wir hoffen, dass trotz der r\u00e4umlichen Trennung davon nichts verloren geht. Um das zu erleichtern, werden wir zus\u00e4tzliche Diskussionsgruppen f\u00fcr die Teilnehmenden einrichten. So k\u00f6nnen wir au\u00dferdem gemeinsam eruieren, wie der Workshop l\u00e4uft. Hoffentlich l\u00e4sst sich dadurch zumindest ansatzweise kompensieren, dass wir abends nicht wie gewohnt zusammensitzen und diskutieren k\u00f6nnen.<\/p>\n<div class=\"section\"><strong>Die liebe Technik<\/strong><\/div>\n<p>Wenn Sie Probleme haben, sich in die Workshops einzuloggen, zu denen Sie angemeldet sind, kontaktieren Sie bitte <a href=\"mailto:mfhc.service@gmail.com\">mfhc.service@gmail.com<\/a><\/p>\n<p>Nehmen Sie sich vor dem Workshop Zeit, sich mit Zoom vertraut zu machen. Probieren Sie vorher aus, wie Sie die Videokamera und das Mikrofon an und ausstellen und wie Sie \u201esich melden\u201c k\u00f6nnen, um Fragen zu stellen oder zu kommentieren. Es lohnt sich, vor Workshop-Beginn diese Funktionen auszuprobieren, um schnell und effektiv damit hantieren zu k\u00f6nnen. Andernfalls k\u00f6nnte das Gespr\u00e4ch ins Stocken geraten, was f\u00fcr alle Teilnehmer*innen st\u00f6rende Wartezeiten bedeuten w\u00fcrde.<\/p>\n<p>Sehen Sie sich hierzu Lern-Videos an. Information zum technischen Support <a href=\"https:\/\/support.zoom.us\/hc\/en-us\/articles\/206618765-Zoom-Video-Tutorials?_ga=2.25247486.2137407430.1585059666-1381524326.1583424018\">finden Sie hier <\/a>\u00a0(Nur auf Englisch.)<\/p>\n<p>Nutzen Sie die Zoom-App besonders dann, wenn Sie \u00fcber Ihr Mobiltelefon oder Tablet teilnehmen.<\/p>\n<p>Sie k\u00f6nnen unseren technischen Support beim Downloaden der App (mit Termin) in Anspruch nehmen, sofern Sie technisch nicht bewandert sind. Wir werden Sie auf dem Laufenden halten, welches Programm wir nutzen werden.\u00a0<a href=\"mailto:mfhc.service@gmail.com\">Schreiben Sie uns an mfhc.service@gmail.com<\/a>.<\/p>\n<p>Sorgen Sie daf\u00fcr, dass Sie eine stabile Internetverbindung und eine gute Daten\u00fcbertragungsrate (Geschwindigkeit) haben. Sich auf Ihr W-LAN zu verlassen, hat sich leider oft genug als t\u00fcckisch erwiesen. Eine Kabelverbindung vom Router zu Ihrem Computer ist empfehlenswerter.<\/p>\n<p>Wir empfehlen Ihnen, Kopfh\u00f6rer mit Mikrofon zu benutzen, damit es weniger R\u00fcckkopplungen in dem, was Sie h\u00f6ren und was andere von Ihnen h\u00f6ren, gibt. Wenn Ihre \u00dcbertragung von inakzeptablen Hintergrundger\u00e4uschen oder Echos gest\u00f6rt wird, werden Sie an den Diskussionen nicht teilnehmen k\u00f6nnen.<\/p>\n","protected":false},"excerpt":{"rendered":"<p>Die sch\u00f6ne Umgebung und der zwischenmenschliche Kontakt w\u00e4hrend unseren Crucible-Workshops waren f\u00fcr uns immer zus\u00e4tzliche Gr\u00fcnde zur Vorfreude. Dieses Jahr m\u00fcssen wir jedoch leider umdenken. Die guten Neuigkeiten sind, dass wir das ganze Jahr \u00fcber Workshops anbieten werden. Obwohl uns der pers\u00f6nliche Kontakt vor Ort fehlen wird, freuen wir uns, auch weiterhin wichtige Lehrinhalte vermitteln zu k\u00f6nnen. Hinzu kommt, dass dieses Format f\u00fcr einige von Ihnen die Teilnahme erst m\u00f6glich macht. Falls Sie aus logistischen Gr\u00fcnden bisher an keinem Workshop teilnehmen konnten, erleichtert Ihnen die Umstellung in diesem Jahr wom\u00f6glich die Teilnahme. Die Workshop-Sitzungen werden am urspr\u00fcnglich geplanten Datum stattfinden. Aufgrund der Zeitverschiebung verschiebt sich der Zeitplan allerdings auf nachmittags und abends. Es wird zwischen den Sitzungen Pausen geben, damit [&hellip;]<\/p>\n","protected":false},"author":6812,"featured_media":0,"parent":0,"menu_order":0,"comment_status":"closed","ping_status":"closed","template":"","meta":{"_uag_custom_page_level_css":"","site-sidebar-layout":"default","site-content-layout":"","ast-site-content-layout":"default","site-content-style":"default","site-sidebar-style":"default","ast-global-header-display":"","ast-banner-title-visibility":"","ast-main-header-display":"","ast-hfb-above-header-display":"","ast-hfb-below-header-display":"","ast-hfb-mobile-header-display":"","site-post-title":"","ast-breadcrumbs-content":"","ast-featured-img":"","footer-sml-layout":"","ast-disable-related-posts":"","theme-transparent-header-meta":"","adv-header-id-meta":"","stick-header-meta":"","header-above-stick-meta":"","header-main-stick-meta":"","header-below-stick-meta":"","astra-migrate-meta-layouts":"default","ast-page-background-enabled":"default","ast-page-background-meta":{"desktop":{"background-color":"","background-image":"","background-repeat":"repeat","background-position":"center center","background-size":"auto","background-attachment":"scroll","background-type":"","background-media":"","overlay-type":"","overlay-color":"","overlay-opacity":"","overlay-gradient":""},"tablet":{"background-color":"","background-image":"","background-repeat":"repeat","background-position":"center center","background-size":"auto","background-attachment":"scroll","background-type":"","background-media":"","overlay-type":"","overlay-color":"","overlay-opacity":"","overlay-gradient":""},"mobile":{"background-color":"","background-image":"","background-repeat":"repeat","background-position":"center center","background-size":"auto","background-attachment":"scroll","background-type":"","background-media":"","overlay-type":"","overlay-color":"","overlay-opacity":"","overlay-gradient":""}},"ast-content-background-meta":{"desktop":{"background-color":"var(--ast-global-color-5)","background-image":"","background-repeat":"repeat","background-position":"center center","background-size":"auto","background-attachment":"scroll","background-type":"","background-media":"","overlay-type":"","overlay-color":"","overlay-opacity":"","overlay-gradient":""},"tablet":{"background-color":"var(--ast-global-color-5)","background-image":"","background-repeat":"repeat","background-position":"center center","background-size":"auto","background-attachment":"scroll","background-type":"","background-media":"","overlay-type":"","overlay-color":"","overlay-opacity":"","overlay-gradient":""},"mobile":{"background-color":"var(--ast-global-color-5)","background-image":"","background-repeat":"repeat","background-position":"center center","background-size":"auto","background-attachment":"scroll","background-type":"","background-media":"","overlay-type":"","overlay-color":"","overlay-opacity":"","overlay-gradient":""}},"footnotes":""},"page-category":[],"class_list":["post-19226","page","type-page","status-publish","hentry"],"uagb_featured_image_src":{"full":false,"thumbnail":false,"medium":false,"medium_large":false,"large":false,"1536x1536":false,"2048x2048":false,"woocommerce_thumbnail":false,"woocommerce_single":false,"woocommerce_gallery_thumbnail":false},"uagb_author_info":{"display_name":"Sarah Morehouse","author_link":"https:\/\/www.crucible4points.com\/de\/author\/sarah-morehouse\/"},"uagb_comment_info":0,"uagb_excerpt":"Die sch\u00f6ne Umgebung und der zwischenmenschliche Kontakt w\u00e4hrend unseren Crucible-Workshops waren f\u00fcr uns immer zus\u00e4tzliche Gr\u00fcnde zur Vorfreude. Dieses Jahr m\u00fcssen wir jedoch leider umdenken. Die guten Neuigkeiten sind, dass wir das ganze Jahr \u00fcber Workshops anbieten werden. Obwohl uns der pers\u00f6nliche Kontakt vor Ort fehlen wird, freuen wir uns, auch weiterhin wichtige Lehrinhalte vermitteln&hellip;","_links":{"self":[{"href":"https:\/\/www.crucible4points.com\/de\/wp-json\/wp\/v2\/pages\/19226","targetHints":{"allow":["GET"]}}],"collection":[{"href":"https:\/\/www.crucible4points.com\/de\/wp-json\/wp\/v2\/pages"}],"about":[{"href":"https:\/\/www.crucible4points.com\/de\/wp-json\/wp\/v2\/types\/page"}],"author":[{"embeddable":true,"href":"https:\/\/www.crucible4points.com\/de\/wp-json\/wp\/v2\/users\/6812"}],"replies":[{"embeddable":true,"href":"https:\/\/www.crucible4points.com\/de\/wp-json\/wp\/v2\/comments?post=19226"}],"version-history":[{"count":0,"href":"https:\/\/www.crucible4points.com\/de\/wp-json\/wp\/v2\/pages\/19226\/revisions"}],"wp:attachment":[{"href":"https:\/\/www.crucible4points.com\/de\/wp-json\/wp\/v2\/media?parent=19226"}],"wp:term":[{"taxonomy":"page-category","embeddable":true,"href":"https:\/\/www.crucible4points.com\/de\/wp-json\/wp\/v2\/page-category?post=19226"}],"curies":[{"name":"wp","href":"https:\/\/api.w.org\/{rel}","templated":true}]}}