{"id":19145,"date":"2016-01-18T21:49:13","date_gmt":"2016-01-19T04:49:13","guid":{"rendered":"https:\/\/crucible.wpmudev.host\/crucible-therapie-webinar-serie\/"},"modified":"2020-05-11T04:22:15","modified_gmt":"2020-05-11T11:22:15","slug":"crucible-therapie-webinar-serie","status":"publish","type":"page","link":"https:\/\/www.crucible4points.com\/de\/crucible-therapie-webinar-serie\/","title":{"rendered":"Crucible\u00ae Therapie Webinar-Reihe"},"content":{"rendered":"<h1 style=\"text-align: center;\"><strong>Crucible<sup>\u00ae <\/sup>Therapie Webinar -Reihe<\/strong><\/h1>\n<h2 class=\"rtecenter wkshp_date\" style=\"text-align: center;\"><strong>2-st\u00fcndiges Webinar mit Fallanalyse per Telekonferenz<\/strong><\/h2>\n<h2 class=\"rtecenter wkshp_date\" style=\"text-align: center;\"><strong>Von und mit<\/strong><br \/>\n<strong>Dr. David Schnarch, Ph.D.<\/strong><br \/>\n<strong>Leiter, Crucible-Institute<\/strong><br \/>\n<strong>Tara Christopeit, \u00dcbersetzerin<\/strong><\/h2>\n<p class=\"register-link single euro\"><a href=\"https:\/\/crucibleinstitute.de\/webinar-registrierung-einzelne-sitzungen\"><b>Jetzt anmelden!- einzelne Sitzungen<\/b><\/a><\/p>\n<p class=\"register-link single euro\"><a href=\"https:\/\/crucibleinstitute.de\/webinar-registrierung-mehrere-sitzungen\"><b>Jetzt anmelden!- mehrere Sitzungen<\/b><\/a><\/p>\n<div><\/div>\n<p><img decoding=\"async\" class=\"img-rgt img-300\" src=\"https:\/\/crucibleinstitute.de\/sites\/default\/files\/therapist_female_group.jpg\" alt=\"therapist group\" \/><\/p>\n<div class=\"section\"><u>Eine fantastische Gelegenheit zur Weiterbildung<\/u><\/div>\n<p class=\"info\">Wir m\u00f6chten Ihnen die Crucible<sup>\u00ae<\/sup>-Therapie Webinar-Serie vorstellen. In dieser monatlich stattfindenden Konferenz analysieren wir online gemeinsam schwierige F\u00e4lle. Psychotherapeut*innen aus aller Welt k\u00f6nnen sich so kontinuierlich weiterbilden. Falls Sie zu den zahlreichen Psychotherapeut*innen geh\u00f6ren, die sich nach Weiterbildungsm\u00f6glichkeiten in den Zeiten zwischen unseren Workshops erkundigt haben, k\u00f6nnen wir Ihnen das monatliche Webinar w\u00e4rmstens empfehlen. Dieses zus\u00e4tzliche Fortbildungsangebot findet monatlich als Videokonferenz statt.<\/p>\n<ul class=\"inside info list-brwn\">\n<li>Die Webinare bieten die Gelegenheit, die Inhalte der Workshops zu vertiefen und zu erweitern.<\/li>\n<li>Der kontinuierliche Kontakt mit unserem Institut und anderen Workshop-Teilnehmenden ist zum Erlernen unseres Ansatzes sehr hilfreich.<\/li>\n<\/ul>\n<p class=\"info\">Ab Februar 2016 bietet Dr. David Schnarch ein monatliches Webinar zur Fallbesprechung f\u00fcr Psychotherapeut*innen an. Das zweist\u00fcndige Webinar hat jeden Monat die Behandlung eines konkreten klinischen Problems zum Thema. In jedem Webinar wird ein von Webinar-Teilnehmer*innen oder Dr. Schnarch vorgeschlagener Fall besprochen und aus allen m\u00f6glichen Blickwinkeln beleuchtet. Die F\u00e4lle werden zum Schutz der Klient*innen anonymisiert. Wir verwenden Adobe Connect, das strengen Anforderungen an die Gew\u00e4hrleistung von Vertraulichkeit gerecht wird. Die Webinare sehen eine strategische Analyse von Behandlungsproblemen vor und helfen bei der Entwicklung neuer Strategien und Interventionen, untersuchen die pers\u00f6nlichen Schwierigkeiten der Psychotherapeut*innen, und je nach Fall weitere interessante Themen. Die Teilnehmenden k\u00f6nnen w\u00e4hrend des Seminars Fragen stellen und mit Dr. Schnarch kommunizieren.<\/p>\n<p class=\"info\">In dieser monatlichen Fallkonferenz erhalten Sie neuen Input f\u00fcr Ihre eigene therapeutische Praxis. Falls Sie sich bereits mit der Crucible-Therapie besch\u00e4ftigen, ist dies die Gelegenheit, zwischen unseren klinischen Workshops Fragen zu Ihren schwierigen F\u00e4llen zu stellen. Falls Sie zum ersten Mal teilnehmen, k\u00f6nnen Sie \u00fcber das Webinar einen ersten, wenn auch stark reduzierten, Eindruck unserer Workshops erhalten, bevor Sie sich anmelden.<\/p>\n<div class=\"section\"><u>Vier entscheidende Vorteile des Webinars<\/u><\/div>\n<ul>\n<li>Sie k\u00f6nnen beobachten, wie Dr. Schnarch F\u00e4lle einsch\u00e4tzt und wirkungsvolle Behandlungsans\u00e4tze entwickelt.<\/li>\n<li>Sie k\u00f6nnen sich auf diese Art und Weise Unterst\u00fctzung zur Behandlung Ihrer eigenen F\u00e4lle holen.<\/li>\n<li>Sie k\u00f6nnen w\u00e4hrend des Webinars mit Dr. Schnarch in Kontakt treten, indem Sie Fragen stellen.<\/li>\n<li>Wenn Sie an einem bestimmten Termin nicht am Webinar teilnehmen k\u00f6nnen, k\u00f6nnen Sie sp\u00e4ter zu einem f\u00fcr Sie g\u00fcnstigen Zeitpunkt die Aufzeichnung des Webinars online ansehen.<\/li>\n<\/ul>\n<div class=\"section\"><u><img decoding=\"async\" src=\"https:\/\/crucibleinstitute.de\/sites\/default\/files\/keyboard-prof-dev-300-euro.jpg\" alt=\"\" \/><\/u><\/div>\n<ul class=\"inside info list-brwn\">\n<li>Anmeldung f\u00fcr sechs 2-st\u00fcndige Sitzungen zum erm\u00e4\u00dfigten Preis (50 Euro pro Sitzung) oder f\u00fcr einzeln buchbare Sitzungen (75 Euro pro Sitzung).\n<ul>\n<li><strong>Zus\u00e4tzliche Webinare zu vorherigen Eink\u00e4ufen hinzuf\u00fcgen: (Erweiterung des Abonnements):<\/strong><br \/>\nDie Erweiterung des Abos gibt es beim Kauf von weniger als sechs Webinaren unter folgenden Bedingungen:<\/p>\n<ul class=\"inside\">\n<li>Sie m\u00fcssen zuvor sechs Webinare, entweder einzeln oder im Abonnement, gekauft haben und<\/li>\n<li>die Erweiterung muss innerhalb von 30 Tagen seit Ihrem letzten gekauften Webinar erfolgen.<\/li>\n<li>Wenn eine Abonnement-Erweiterung f\u00fcr Sie in infrage kommt, gelangen Sie per Klick auf den Button auf dieser Seite zur Anmeldung.<\/li>\n<\/ul>\n<\/li>\n<\/ul>\n<\/li>\n<li>Die Anmeldung an jeder Sitzung beinhaltet Live-Teilnahme sowie Zugriff auf die Aufnahmen der Sitzung, sobald diese verf\u00fcgbar sind.<\/li>\n<li><b>Uhrzeit:<\/b>\n<ul>\n<li>Mittwoch, 16-18 Uhr CET (Berlin, Paris, Wien). [8:00 AM Mountain Time, USA].\n<ul>\n<li>Zweisprachig (Englisch\u2014Deutsch) \u00fcbersetzt von Tara Christopeit, der pers\u00f6nlichen \u00dcbersetzerin von Dr. Schnarch.<\/li>\n<\/ul>\n<\/li>\n<\/ul>\n<\/li>\n<li><b>Themenbeispiele:<\/b>\n<ul>\n<li>Schwierige Klient*innen in der Behandlung<\/li>\n<li>Kollaborative (partnerschaftliche) Allianzen<\/li>\n<li>Information aus Aussagen der Klient*innen gewinnen<\/li>\n<li>Neurowissenschaftlich basierte Therapie anwenden<\/li>\n<li>Weitere Themen werden noch bekannt gegeben<\/li>\n<\/ul>\n<ul>\n<li>9. Oktober 2019<\/li>\n<li>20. November 2019<\/li>\n<li>18. Dezember 2019<\/li>\n<li>8. Januar 2020<\/li>\n<li>12. Februar 2020<\/li>\n<li>4. M\u00e4rz 2020<\/li>\n<li>8. April 2020<\/li>\n<li>6. Mai 2020<\/li>\n<li>10. Juni 2020<\/li>\n<li>8. Juli 2020<\/li>\n<li>12. August 2020<\/li>\n<li>9. September 2020<\/li>\n<li>7. Oktober 2020<\/li>\n<li>11. November 2020<\/li>\n<li>16. Dezember 2020<\/li>\n<\/ul>\n<\/li>\n<\/ul>\n<div class=\"section\"><a name=\"case-guidelines\"><\/a><u>Einreichen von F\u00e4llen<\/u><\/div>\n<p class=\"info\">Die von Teilnehmenden eingereichten F\u00e4lle spielen eine wichtige Rolle in der Webinar-Serie, da sie Anlass f\u00fcr eine pers\u00f6nliche Lernerfahrung sind. So k\u00f6nnen Sie in Echtzeit mit Dr. Schnarch \u00fcber Ihren Fall beratschlagen. Hier erhalten Sie eine Anleitung f\u00fcr kurze Fallbeschreibungen. (Vorerst nur auf Englisch. Machen Sie sich bitte keine Sorgen, falls Ihr Englisch nicht perfekt ist. Uns ist bewusst, dass Englisch nicht Ihre Muttersprache ist.)<\/p>\n<p class=\"info\">Es muss sich hierbei um echte F\u00e4lle handeln, mit denen Sie Schwierigkeiten haben. Fiktive oder kombinierte F\u00e4lle oder private Probleme sind von der Besprechung ausgeschlossen. Geben Sie hierzu bitte an, wo Sie Ihrer Meinung nach Schwierigkeiten haben. (Ausgenommen: F\u00e4lle, bei denen die Therapie Ihrer Meinung nach gut l\u00e4uft, bei denen Sie allerdings \u201eneugierig\u201c sind, wie sie innerhalb des Crucible-Ansatzes behandelt werden k\u00f6nnten).<\/p>\n<p class=\"info\"><strong>Richtlinien:<\/strong><\/p>\n<p class=\"info\">Fallbeschreibungen sollten 2-3 Seiten (ungef\u00e4hr 2000 W\u00f6rter) lang sein und die f\u00fcr das Verst\u00e4ndnis des Falls n\u00f6tigen Informationen enthalten. Hierzu z\u00e4hlen:<\/p>\n<ol class=\"inside info list-brwn\">\n<li>Demografische Angaben zu den Klient*innen und eine kurze Beschreibung des Hintergrunds<\/li>\n<li>Anf\u00e4ngliche Problemstellung<\/li>\n<li>Worin liegt aktuell die Schwierigkeit in der Behandlung?<\/li>\n<li>Was ist Ihrer Meinung nach die Ursache dieses Problems?<\/li>\n<li>Was haben Sie bisher getan, um das Problem zu behandeln? Mit welchem Ergebnis?<\/li>\n<li>Bitte reichen Sie einen kurzen Ausschnitt eines typischen Dialogs in einer Sitzung ein, bei dem es um das Problem in Ihrem Fall geht.<\/li>\n<\/ol>\n<p class=\"info\"><a href=\"https:\/\/crucibleinstitute.de\/sites\/default\/files\/case_description_form_german.doc\">Klicken Sie hier, um die Vorlage f\u00fcr die Fallbeschreibung herunterzuladen\u00a0<\/a>(Microsoft Word .doc).<\/p>\n<p class=\"info\">Vertraulichkeit: Bitte modifizieren Sie die fallbezogenen Daten, um die Identit\u00e4t Ihrer Klient*innen zu sch\u00fctzen.<\/p>\n<p class=\"info\">Wir nutzen das HIPPA-kompatible Adobe Connect f\u00fcr das Webinar.<\/p>\n<p class=\"info\">Bitte schicken Sie Ihren Fall in Form eines Microsoft-Word-Dokuments, das sich im Anhang der E-Mail befindet, an:\u00a0<a href=\"mailto:service@crucibleinstitute.com?subject=webinar%20cases\">service@crucibleinstitute.com. (Betreff: webinar case)<\/a><\/p>\n<div class=\"section\"><u>Zugang zum Webinar<\/u><\/div>\n<ul class=\"inside info\">\n<li>Sie erhalten\u00a0<strong>zwei<\/strong> E-Mails. In der einen befinden sich Ihre\u00a0<u>Login-Informationen f\u00fcr das Webinar<\/u>, die andere enth\u00e4lt die\u00a0<u>URL, auf der das Webinar stattfindet.<\/u><\/li>\n<li>Ihr\u00a0<u>Webinar<\/u>-Benutzername und das Passwort befinden sich in der E-Mail, die Sie zur Best\u00e4tigung Ihrer Buchung erhalten haben. Bitte bewahren Sie sie an einem sicheren und f\u00fcr Sie leicht zug\u00e4nglichen Ort auf. (Ihr <u>Webinar<\/u>-Benutzername und Passwort unterscheiden sich von Ihren Logindaten f\u00fcr CrucibleInstitute.de.)<\/li>\n<li>Ihr\u00a0<u>Webinar<\/u>-Benutzername und Passwort befinden sich ebenfalls auf Ihrer pers\u00f6nlichen Seite, wenn Sie sich auf CrucibleInstitute.de einloggen. (Sie k\u00f6nnen Ihren Webinar-Benutzernamen und das Passwort nicht \u00e4ndern)<\/li>\n<li>Um am Webinar live teilzunehmen, kopieren Sie bitte die Webinar-URL und f\u00fcgen Sie sie in Ihren Browser ein. Diese befindet sich in der zweiten E-Mail und auf Ihrer pers\u00f6nlichen Seite auf CrucibleInstitute.de. (Die URL bringt Sie direkt zu unserem Adobe-Connect-Portal.)<\/li>\n<li>Geben Sie Ihren\u00a0<u>Webinar<\/u>-Benutzernamen und Ihr Passwort ein. (Nicht Ihre Zugangsdaten zum Crucible Institute.)<\/li>\n<li>Um die Webinar-Aufnahme zu einem sp\u00e4teren Zeitpunkt anzusehen, besuchen Sie Ihre Benutzerseite, auf der sich der Zugangs-Link befindet.<\/li>\n<\/ul>\n<div class=\"section\"><u>Optimieren Sie Ihr Webinar-Erlebnis<\/u><\/div>\n<p class=\"info\">Einige Webinar-Teilnehmer*innen hatten w\u00e4hrend der Veranstaltung technische Schwierigkeiten. Wir haben eine Erkl\u00e4rung zusammengestellt, woran das wom\u00f6glich liegt und was Sie tun k\u00f6nnen, um die technischen Aspekte Ihres Webinar-Erlebnisses zu optimieren. Wir empfehlen allen Teilnehmer*innen, das nachfolgende Dokument sorgf\u00e4ltig durchzulesen.<br \/>\nKlicken Sie hier,\u00a0<a href=\"https:\/\/crucibleinstitute.de\/crucible-webinar-optimal-erleben\">Optimieren Sie Ihr Webinar-Erlebnis.<\/a><\/p>\n<p class=\"register-link single euro\"><a href=\"https:\/\/crucibleinstitute.de\/webinar-registrierung-einzelne-sitzungen\"><b>Jetzt anmelden!- einzelne Sitzungen<\/b><\/a><\/p>\n<p class=\"register-link single euro\"><a href=\"https:\/\/crucibleinstitute.de\/webinar-registrierung-mehrere-sitzungen\"><b>Jetzt anmelden!- mehrere Sitzungen<\/b><\/a><\/p>\n<div class=\"section\">Diese Webinar-Serie kombiniert die hohe Kunst der Psychotherapie mit der notwendigen klinischen Erfahrung. Halten Sie sich Termine f\u00fcr diese spannenden neuen Webinare frei.<\/div>\n","protected":false},"excerpt":{"rendered":"<p>Crucible\u00ae Therapie Webinar -Reihe 2-st\u00fcndiges Webinar mit Fallanalyse per Telekonferenz Von und mit Dr. David Schnarch, Ph.D. Leiter, Crucible-Institute Tara Christopeit, \u00dcbersetzerin Jetzt anmelden!- einzelne Sitzungen Jetzt anmelden!- mehrere Sitzungen Eine fantastische Gelegenheit zur Weiterbildung Wir m\u00f6chten Ihnen die Crucible\u00ae-Therapie Webinar-Serie vorstellen. In dieser monatlich stattfindenden Konferenz analysieren wir online gemeinsam schwierige F\u00e4lle. Psychotherapeut*innen aus aller Welt k\u00f6nnen sich so kontinuierlich weiterbilden. Falls Sie zu den zahlreichen Psychotherapeut*innen geh\u00f6ren, die sich nach Weiterbildungsm\u00f6glichkeiten in den Zeiten zwischen unseren Workshops erkundigt haben, k\u00f6nnen wir Ihnen das monatliche Webinar w\u00e4rmstens empfehlen. Dieses zus\u00e4tzliche Fortbildungsangebot findet monatlich als Videokonferenz statt. Die Webinare bieten die Gelegenheit, die Inhalte der Workshops zu vertiefen und zu erweitern. Der kontinuierliche Kontakt mit unserem Institut und anderen Workshop-Teilnehmenden [&hellip;]<\/p>\n","protected":false},"author":5,"featured_media":0,"parent":0,"menu_order":0,"comment_status":"closed","ping_status":"closed","template":"","meta":{"_uag_custom_page_level_css":"","site-sidebar-layout":"default","site-content-layout":"default","ast-site-content-layout":"default","site-content-style":"default","site-sidebar-style":"default","ast-global-header-display":"","ast-banner-title-visibility":"","ast-main-header-display":"","ast-hfb-above-header-display":"","ast-hfb-below-header-display":"","ast-hfb-mobile-header-display":"","site-post-title":"","ast-breadcrumbs-content":"","ast-featured-img":"","footer-sml-layout":"","ast-disable-related-posts":"","theme-transparent-header-meta":"default","adv-header-id-meta":"","stick-header-meta":"","header-above-stick-meta":"","header-main-stick-meta":"","header-below-stick-meta":"","astra-migrate-meta-layouts":"default","ast-page-background-enabled":"default","ast-page-background-meta":{"desktop":{"background-color":"","background-image":"","background-repeat":"repeat","background-position":"center center","background-size":"auto","background-attachment":"scroll","background-type":"","background-media":"","overlay-type":"","overlay-color":"","overlay-opacity":"","overlay-gradient":""},"tablet":{"background-color":"","background-image":"","background-repeat":"repeat","background-position":"center center","background-size":"auto","background-attachment":"scroll","background-type":"","background-media":"","overlay-type":"","overlay-color":"","overlay-opacity":"","overlay-gradient":""},"mobile":{"background-color":"","background-image":"","background-repeat":"repeat","background-position":"center center","background-size":"auto","background-attachment":"scroll","background-type":"","background-media":"","overlay-type":"","overlay-color":"","overlay-opacity":"","overlay-gradient":""}},"ast-content-background-meta":{"desktop":{"background-color":"var(--ast-global-color-5)","background-image":"","background-repeat":"repeat","background-position":"center center","background-size":"auto","background-attachment":"scroll","background-type":"","background-media":"","overlay-type":"","overlay-color":"","overlay-opacity":"","overlay-gradient":""},"tablet":{"background-color":"var(--ast-global-color-5)","background-image":"","background-repeat":"repeat","background-position":"center center","background-size":"auto","background-attachment":"scroll","background-type":"","background-media":"","overlay-type":"","overlay-color":"","overlay-opacity":"","overlay-gradient":""},"mobile":{"background-color":"var(--ast-global-color-5)","background-image":"","background-repeat":"repeat","background-position":"center center","background-size":"auto","background-attachment":"scroll","background-type":"","background-media":"","overlay-type":"","overlay-color":"","overlay-opacity":"","overlay-gradient":""}},"footnotes":""},"page-category":[117],"class_list":["post-19145","page","type-page","status-publish","hentry","page-category-main"],"uagb_featured_image_src":{"full":false,"thumbnail":false,"medium":false,"medium_large":false,"large":false,"1536x1536":false,"2048x2048":false,"woocommerce_thumbnail":false,"woocommerce_single":false,"woocommerce_gallery_thumbnail":false},"uagb_author_info":{"display_name":"sschnarch","author_link":"https:\/\/www.crucible4points.com\/de\/author\/sschnarch\/"},"uagb_comment_info":0,"uagb_excerpt":"Crucible\u00ae Therapie Webinar -Reihe 2-st\u00fcndiges Webinar mit Fallanalyse per Telekonferenz Von und mit Dr. David Schnarch, Ph.D. Leiter, Crucible-Institute Tara Christopeit, \u00dcbersetzerin Jetzt anmelden!- einzelne Sitzungen Jetzt anmelden!- mehrere Sitzungen Eine fantastische Gelegenheit zur Weiterbildung Wir m\u00f6chten Ihnen die Crucible\u00ae-Therapie Webinar-Serie vorstellen. In dieser monatlich stattfindenden Konferenz analysieren wir online gemeinsam schwierige F\u00e4lle. Psychotherapeut*innen aus&hellip;","_links":{"self":[{"href":"https:\/\/www.crucible4points.com\/de\/wp-json\/wp\/v2\/pages\/19145","targetHints":{"allow":["GET"]}}],"collection":[{"href":"https:\/\/www.crucible4points.com\/de\/wp-json\/wp\/v2\/pages"}],"about":[{"href":"https:\/\/www.crucible4points.com\/de\/wp-json\/wp\/v2\/types\/page"}],"author":[{"embeddable":true,"href":"https:\/\/www.crucible4points.com\/de\/wp-json\/wp\/v2\/users\/5"}],"replies":[{"embeddable":true,"href":"https:\/\/www.crucible4points.com\/de\/wp-json\/wp\/v2\/comments?post=19145"}],"version-history":[{"count":0,"href":"https:\/\/www.crucible4points.com\/de\/wp-json\/wp\/v2\/pages\/19145\/revisions"}],"wp:attachment":[{"href":"https:\/\/www.crucible4points.com\/de\/wp-json\/wp\/v2\/media?parent=19145"}],"wp:term":[{"taxonomy":"page-category","embeddable":true,"href":"https:\/\/www.crucible4points.com\/de\/wp-json\/wp\/v2\/page-category?post=19145"}],"curies":[{"name":"wp","href":"https:\/\/api.w.org\/{rel}","templated":true}]}}